{"id":684,"date":"2023-01-22T11:20:47","date_gmt":"2023-01-22T11:20:47","guid":{"rendered":"http:\/\/gulpagida.com\/index.php\/anasayfa\/"},"modified":"2025-01-12T17:19:57","modified_gmt":"2025-01-12T17:19:57","slug":"anasayfa","status":"publish","type":"page","link":"https:\/\/gulpagida.com\/","title":{"rendered":"Anasayfa"},"content":{"rendered":"\t\t<div data-elementor-type=\"wp-page\" data-elementor-id=\"684\" class=\"elementor elementor-684\">\n\t\t\t\t\t\t\t\t\t<section class=\"elementor-section elementor-top-section elementor-element elementor-element-73b3e976 elementor-section-height-min-height elementor-section-content-middle elementor-section-boxed elementor-section-height-default elementor-section-items-middle wpr-particle-no wpr-jarallax-no wpr-parallax-no wpr-sticky-section-no\" data-id=\"73b3e976\" data-element_type=\"section\" data-settings=\"{&quot;background_background&quot;:&quot;classic&quot;}\">\n\t\t\t\t\t\t\t<div class=\"elementor-background-overlay\"><\/div>\n\t\t\t\t\t\t\t<div class=\"elementor-container elementor-column-gap-default\">\n\t\t\t\t\t<div class=\"elementor-column elementor-col-100 elementor-top-column elementor-element elementor-element-7ecec10\" data-id=\"7ecec10\" data-element_type=\"column\">\n\t\t\t<div class=\"elementor-widget-wrap elementor-element-populated\">\n\t\t\t\t\t\t\t\t<div class=\"elementor-element elementor-element-7a507d16 elementor-widget elementor-widget-heading\" data-id=\"7a507d16\" data-element_type=\"widget\" data-widget_type=\"heading.default\">\n\t\t\t\t<div class=\"elementor-widget-container\">\n\t\t\t<style>\/*! elementor - v3.10.1 - 17-01-2023 *\/\n.elementor-heading-title{padding:0;margin:0;line-height:1}.elementor-widget-heading .elementor-heading-title[class*=elementor-size-]>a{color:inherit;font-size:inherit;line-height:inherit}.elementor-widget-heading .elementor-heading-title.elementor-size-small{font-size:15px}.elementor-widget-heading .elementor-heading-title.elementor-size-medium{font-size:19px}.elementor-widget-heading .elementor-heading-title.elementor-size-large{font-size:29px}.elementor-widget-heading .elementor-heading-title.elementor-size-xl{font-size:39px}.elementor-widget-heading .elementor-heading-title.elementor-size-xxl{font-size:59px}<\/style><h1 class=\"elementor-heading-title elementor-size-default\">\u0130STANBUL AVRUPA YAKASI<br> SATI\u015e VE DA\u011eITIM A\u011eI<\/h1>\t\t<\/div>\n\t\t\t\t<\/div>\n\t\t\t\t<div class=\"elementor-element elementor-element-e69b019 wpr-advanced-text-style-highlighted wpr-animated-text-infinite-yes elementor-widget elementor-widget-wpr-advanced-text\" data-id=\"e69b019\" data-element_type=\"widget\" data-settings=\"{&quot;anim_loop&quot;:&quot;yes&quot;}\" data-widget_type=\"wpr-advanced-text.default\">\n\t\t\t\t<div class=\"elementor-widget-container\">\n\t\t\t\n\t\t<h2 class=\"wpr-advanced-text\">\n\n\t\t\t\t\t\n\t\t\t\t\t\t\t<span class=\"wpr-advanced-text-preffix\">D\u00fcnden bug\u00fcne sekt\u00f6rdeki <\/span>\n\t\t\t\n\t\t<span class=\"wpr-highlighted-text\">\n\t\t\t\t\t\n\t\t\t<span class=\"wpr-highlighted-text-inner\">g\u00fcveniniz.<\/span>\n\n\t\t\t<svg xmlns=\"http:\/\/www.w3.org\/2000\/svg\" viewBox=\"0 0 500 150\" class=\"wpr-highlight-circle\" preserveAspectRatio=\"none\">\n\t\t\t\t\t\t\t\t<path d=\"M284.72,15.61C276.85,14.43,2-2.85,2,80.46c0,34.09,45.22,58.86,196.31,62.81C719.59,154.18,467-74.85,109,29.15\"><\/path>\n\t\t\t\t\t\t\t<\/svg>\n\t\t\t\t\t<\/span>\n\t\t\t\t\n\t\t<\/h2>\n\t\t\n\t\t\t\t<\/div>\n\t\t\t\t<\/div>\n\t\t\t\t\t<\/div>\n\t\t<\/div>\n\t\t\t\t\t\t\t<\/div>\n\t\t<\/section>\n\t\t\t\t<section class=\"elementor-section elementor-top-section elementor-element elementor-element-58bf968e elementor-section-boxed elementor-section-height-default elementor-section-height-default wpr-particle-no wpr-jarallax-no wpr-parallax-no wpr-sticky-section-no\" data-id=\"58bf968e\" data-element_type=\"section\">\n\t\t\t\t\t\t<div class=\"elementor-container elementor-column-gap-default\">\n\t\t\t\t\t<div class=\"elementor-column elementor-col-100 elementor-top-column elementor-element elementor-element-7b44d29b\" data-id=\"7b44d29b\" data-element_type=\"column\">\n\t\t\t<div class=\"elementor-widget-wrap elementor-element-populated\">\n\t\t\t\t\t\t\t\t<div class=\"elementor-element elementor-element-5f84aed2 elementor-widget elementor-widget-text-editor\" data-id=\"5f84aed2\" data-element_type=\"widget\" data-widget_type=\"text-editor.default\">\n\t\t\t\t<div class=\"elementor-widget-container\">\n\t\t\t<style>\/*! elementor - v3.10.1 - 17-01-2023 *\/\n.elementor-widget-text-editor.elementor-drop-cap-view-stacked .elementor-drop-cap{background-color:#818a91;color:#fff}.elementor-widget-text-editor.elementor-drop-cap-view-framed .elementor-drop-cap{color:#818a91;border:3px solid;background-color:transparent}.elementor-widget-text-editor:not(.elementor-drop-cap-view-default) .elementor-drop-cap{margin-top:8px}.elementor-widget-text-editor:not(.elementor-drop-cap-view-default) .elementor-drop-cap-letter{width:1em;height:1em}.elementor-widget-text-editor .elementor-drop-cap{float:left;text-align:center;line-height:1;font-size:50px}.elementor-widget-text-editor .elementor-drop-cap-letter{display:inline-block}<\/style>\t\t\t\t<h2>Biz Kimiz?<\/h2>\t\t\t\t\t\t<\/div>\n\t\t\t\t<\/div>\n\t\t\t\t<div class=\"elementor-element elementor-element-407c3f9f elementor-widget elementor-widget-heading\" data-id=\"407c3f9f\" data-element_type=\"widget\" data-widget_type=\"heading.default\">\n\t\t\t\t<div class=\"elementor-widget-container\">\n\t\t\t<h3 class=\"elementor-heading-title elementor-size-default\">K\u0131sacas\u0131; tecr\u00fcbeli, ileriye y\u00f6nelik \u00e7al\u0131\u015fan, de\u011fi\u015fime a\u00e7\u0131k, \u00f6zverili ve her \u015feyden \u00f6nce g\u00fcveni \u00f6n planda tutan bir firmay\u0131z.<\/h3>\t\t<\/div>\n\t\t\t\t<\/div>\n\t\t\t\t\t<\/div>\n\t\t<\/div>\n\t\t\t\t\t\t\t<\/div>\n\t\t<\/section>\n\t\t\t\t<section class=\"elementor-section elementor-top-section elementor-element elementor-element-1060960d elementor-section-content-middle elementor-section-boxed elementor-section-height-default elementor-section-height-default wpr-particle-no wpr-jarallax-no wpr-parallax-no wpr-sticky-section-no\" data-id=\"1060960d\" data-element_type=\"section\">\n\t\t\t\t\t\t\t<div class=\"elementor-background-overlay\"><\/div>\n\t\t\t\t\t\t\t<div class=\"elementor-container elementor-column-gap-default\">\n\t\t\t\t\t<div class=\"elementor-column elementor-col-50 elementor-top-column elementor-element elementor-element-4ed5c2bb\" data-id=\"4ed5c2bb\" data-element_type=\"column\">\n\t\t\t<div class=\"elementor-widget-wrap elementor-element-populated\">\n\t\t\t\t\t\t\t\t<div class=\"elementor-element elementor-element-6a001d5c elementor-widget elementor-widget-text-editor\" data-id=\"6a001d5c\" data-element_type=\"widget\" data-widget_type=\"text-editor.default\">\n\t\t\t\t<div class=\"elementor-widget-container\">\n\t\t\t\t\t\t\t<h3>Emin ellerdesiniz<\/h3>\n30 Y\u0131l\u0131 a\u015fan deneyimlerimize bakarak ve sekt\u00f6r\u00fcn \u00f6nc\u00fc firmalar\u0131yla yapt\u0131\u011f\u0131m\u0131z i\u015flere dayanarak, m\u00fc\u015fterilerimiz ile olan ili\u015fkilerimizi g\u00fcvencemiz alt\u0131na al\u0131yoruz.\t\t\t\t\t\t<\/div>\n\t\t\t\t<\/div>\n\t\t\t\t\t<\/div>\n\t\t<\/div>\n\t\t\t\t<div class=\"elementor-column elementor-col-50 elementor-top-column elementor-element elementor-element-7424a9c5\" data-id=\"7424a9c5\" data-element_type=\"column\">\n\t\t\t<div class=\"elementor-widget-wrap elementor-element-populated\">\n\t\t\t\t\t\t\t\t<div class=\"elementor-element elementor-element-4bda1925 elementor-widget elementor-widget-image\" data-id=\"4bda1925\" data-element_type=\"widget\" data-widget_type=\"image.default\">\n\t\t\t\t<div class=\"elementor-widget-container\">\n\t\t\t<style>\/*! elementor - v3.10.1 - 17-01-2023 *\/\n.elementor-widget-image{text-align:center}.elementor-widget-image a{display:inline-block}.elementor-widget-image a img[src$=\".svg\"]{width:48px}.elementor-widget-image img{vertical-align:middle;display:inline-block}<\/style>\t\t\t\t\t\t\t\t\t\t\t\t<img loading=\"lazy\" decoding=\"async\" width=\"960\" height=\"640\" src=\"https:\/\/gulpagida.com\/wp-content\/uploads\/2023\/01\/Cover-gulpa-3-min-1024x683.jpg\" class=\"attachment-large size-large wp-image-751\" alt=\"\" srcset=\"https:\/\/gulpagida.com\/wp-content\/uploads\/2023\/01\/Cover-gulpa-3-min-1024x683.jpg 1024w, https:\/\/gulpagida.com\/wp-content\/uploads\/2023\/01\/Cover-gulpa-3-min-300x200.jpg 300w, https:\/\/gulpagida.com\/wp-content\/uploads\/2023\/01\/Cover-gulpa-3-min-768x512.jpg 768w, https:\/\/gulpagida.com\/wp-content\/uploads\/2023\/01\/Cover-gulpa-3-min-1536x1024.jpg 1536w, https:\/\/gulpagida.com\/wp-content\/uploads\/2023\/01\/Cover-gulpa-3-min-2048x1365.jpg 2048w\" sizes=\"auto, (max-width: 960px) 100vw, 960px\" \/>\t\t\t\t\t\t\t\t\t\t\t\t\t\t\t<\/div>\n\t\t\t\t<\/div>\n\t\t\t\t\t<\/div>\n\t\t<\/div>\n\t\t\t\t\t\t\t<\/div>\n\t\t<\/section>\n\t\t\t\t<section class=\"elementor-section elementor-top-section elementor-element elementor-element-59da1315 elementor-section-content-middle elementor-section-boxed elementor-section-height-default elementor-section-height-default wpr-particle-no wpr-jarallax-no wpr-parallax-no wpr-sticky-section-no\" data-id=\"59da1315\" data-element_type=\"section\">\n\t\t\t\t\t\t\t<div class=\"elementor-background-overlay\"><\/div>\n\t\t\t\t\t\t\t<div class=\"elementor-container elementor-column-gap-default\">\n\t\t\t\t\t<div class=\"elementor-column elementor-col-50 elementor-top-column elementor-element elementor-element-41ab0bd8\" data-id=\"41ab0bd8\" data-element_type=\"column\">\n\t\t\t<div class=\"elementor-widget-wrap elementor-element-populated\">\n\t\t\t\t\t\t\t\t<div class=\"elementor-element elementor-element-675997f2 elementor-widget elementor-widget-image\" data-id=\"675997f2\" data-element_type=\"widget\" data-widget_type=\"image.default\">\n\t\t\t\t<div class=\"elementor-widget-container\">\n\t\t\t\t\t\t\t\t\t\t\t\t\t\t\t<img loading=\"lazy\" decoding=\"async\" width=\"960\" height=\"641\" src=\"https:\/\/gulpagida.com\/wp-content\/uploads\/2023\/01\/Logistics_gulpa-min-1024x684.jpg\" class=\"attachment-large size-large wp-image-752\" alt=\"\" srcset=\"https:\/\/gulpagida.com\/wp-content\/uploads\/2023\/01\/Logistics_gulpa-min-1024x684.jpg 1024w, https:\/\/gulpagida.com\/wp-content\/uploads\/2023\/01\/Logistics_gulpa-min-300x200.jpg 300w, https:\/\/gulpagida.com\/wp-content\/uploads\/2023\/01\/Logistics_gulpa-min-768x513.jpg 768w, https:\/\/gulpagida.com\/wp-content\/uploads\/2023\/01\/Logistics_gulpa-min-1536x1025.jpg 1536w, https:\/\/gulpagida.com\/wp-content\/uploads\/2023\/01\/Logistics_gulpa-min-2048x1367.jpg 2048w\" sizes=\"auto, (max-width: 960px) 100vw, 960px\" \/>\t\t\t\t\t\t\t\t\t\t\t\t\t\t\t<\/div>\n\t\t\t\t<\/div>\n\t\t\t\t\t<\/div>\n\t\t<\/div>\n\t\t\t\t<div class=\"elementor-column elementor-col-50 elementor-top-column elementor-element elementor-element-4335c767\" data-id=\"4335c767\" data-element_type=\"column\">\n\t\t\t<div class=\"elementor-widget-wrap elementor-element-populated\">\n\t\t\t\t\t\t\t\t<div class=\"elementor-element elementor-element-23e98c6a elementor-widget elementor-widget-text-editor\" data-id=\"23e98c6a\" data-element_type=\"widget\" data-widget_type=\"text-editor.default\">\n\t\t\t\t<div class=\"elementor-widget-container\">\n\t\t\t\t\t\t\t<h3>Dakikli\u011fe \u00f6zen g\u00f6steriyoruz<\/h3><p class=\"lead\">Deneyimli \u015fof\u00f6rlerimiz, i\u015finde usta elemanlar\u0131m\u0131z ve hizmetinize sundu\u011fumuz 50&#8242; den fazla ara\u00e7 ile sipari\u015flerinizi zaman\u0131nda teslim etmeyi garantiliyoruz.<\/p>\t\t\t\t\t\t<\/div>\n\t\t\t\t<\/div>\n\t\t\t\t\t<\/div>\n\t\t<\/div>\n\t\t\t\t\t\t\t<\/div>\n\t\t<\/section>\n\t\t\t\t<section class=\"elementor-section elementor-top-section elementor-element elementor-element-64f0e666 elementor-section-content-middle elementor-section-boxed elementor-section-height-default elementor-section-height-default wpr-particle-no wpr-jarallax-no wpr-parallax-no wpr-sticky-section-no\" data-id=\"64f0e666\" data-element_type=\"section\">\n\t\t\t\t\t\t\t<div class=\"elementor-background-overlay\"><\/div>\n\t\t\t\t\t\t\t<div class=\"elementor-container elementor-column-gap-default\">\n\t\t\t\t\t<div class=\"elementor-column elementor-col-50 elementor-top-column elementor-element elementor-element-6dc2dda5\" data-id=\"6dc2dda5\" data-element_type=\"column\">\n\t\t\t<div class=\"elementor-widget-wrap elementor-element-populated\">\n\t\t\t\t\t\t\t\t<div class=\"elementor-element elementor-element-30845e59 elementor-widget elementor-widget-text-editor\" data-id=\"30845e59\" data-element_type=\"widget\" data-widget_type=\"text-editor.default\">\n\t\t\t\t<div class=\"elementor-widget-container\">\n\t\t\t\t\t\t\t<h3>Sorunlar\u0131n\u0131za \u00e7\u00f6z\u00fcm \u00fcretmekten keyif duyuyoruz<\/h3><p class=\"lead\">Raporlama yetenekleri ve analitik d\u00fc\u015f\u00fcnen IT elemanlar\u0131m\u0131z ile beraber ilerledi\u011fimiz m\u00fc\u015fterilerimizin eksiklerini isabetli ve destekli bir \u015fekilde tespit edip, \u00e7\u00f6z\u00fcm \u00f6nerileriyle kar\u015f\u0131n\u0131za \u00e7\u0131k\u0131yoruz.<\/p>\t\t\t\t\t\t<\/div>\n\t\t\t\t<\/div>\n\t\t\t\t\t<\/div>\n\t\t<\/div>\n\t\t\t\t<div class=\"elementor-column elementor-col-50 elementor-top-column elementor-element elementor-element-1d03462b\" data-id=\"1d03462b\" data-element_type=\"column\">\n\t\t\t<div class=\"elementor-widget-wrap elementor-element-populated\">\n\t\t\t\t\t\t\t\t<div class=\"elementor-element elementor-element-43827e68 elementor-widget elementor-widget-image\" data-id=\"43827e68\" data-element_type=\"widget\" data-widget_type=\"image.default\">\n\t\t\t\t<div class=\"elementor-widget-container\">\n\t\t\t\t\t\t\t\t\t\t\t\t\t\t\t<img loading=\"lazy\" decoding=\"async\" width=\"960\" height=\"640\" src=\"https:\/\/gulpagida.com\/wp-content\/uploads\/2023\/01\/Cover-gulpa-2-1024x683.jpg\" class=\"attachment-large size-large wp-image-753\" alt=\"\" srcset=\"https:\/\/gulpagida.com\/wp-content\/uploads\/2023\/01\/Cover-gulpa-2-1024x683.jpg 1024w, https:\/\/gulpagida.com\/wp-content\/uploads\/2023\/01\/Cover-gulpa-2-300x200.jpg 300w, https:\/\/gulpagida.com\/wp-content\/uploads\/2023\/01\/Cover-gulpa-2-768x512.jpg 768w, https:\/\/gulpagida.com\/wp-content\/uploads\/2023\/01\/Cover-gulpa-2.jpg 1440w\" sizes=\"auto, (max-width: 960px) 100vw, 960px\" \/>\t\t\t\t\t\t\t\t\t\t\t\t\t\t\t<\/div>\n\t\t\t\t<\/div>\n\t\t\t\t\t<\/div>\n\t\t<\/div>\n\t\t\t\t\t\t\t<\/div>\n\t\t<\/section>\n\t\t\t\t<section class=\"elementor-section elementor-top-section elementor-element elementor-element-303c203 elementor-section-content-middle elementor-section-boxed elementor-section-height-default elementor-section-height-default wpr-particle-no wpr-jarallax-no wpr-parallax-no wpr-sticky-section-no\" data-id=\"303c203\" data-element_type=\"section\" data-settings=\"{&quot;background_background&quot;:&quot;classic&quot;}\">\n\t\t\t\t\t\t\t<div class=\"elementor-background-overlay\"><\/div>\n\t\t\t\t\t\t\t<div class=\"elementor-container elementor-column-gap-default\">\n\t\t\t\t\t<div class=\"elementor-column elementor-col-100 elementor-top-column elementor-element elementor-element-7625c59a\" data-id=\"7625c59a\" data-element_type=\"column\">\n\t\t\t<div class=\"elementor-widget-wrap elementor-element-populated\">\n\t\t\t\t\t\t\t\t<div class=\"elementor-element elementor-element-1f6e7188 elementor-widget elementor-widget-heading\" data-id=\"1f6e7188\" data-element_type=\"widget\" data-widget_type=\"heading.default\">\n\t\t\t\t<div class=\"elementor-widget-container\">\n\t\t\t<h2 class=\"elementor-heading-title elementor-size-default\">\"Ticaret cesaretle ba\u015flar, zekayla geli\u015fir, g\u00fcvenle devam eder.\"<\/h2>\t\t<\/div>\n\t\t\t\t<\/div>\n\t\t\t\t\t<\/div>\n\t\t<\/div>\n\t\t\t\t\t\t\t<\/div>\n\t\t<\/section>\n\t\t\t\t<section class=\"elementor-section elementor-top-section elementor-element elementor-element-6b1b0814 elementor-section-boxed elementor-section-height-default elementor-section-height-default wpr-particle-no wpr-jarallax-no wpr-parallax-no wpr-sticky-section-no\" data-id=\"6b1b0814\" data-element_type=\"section\" data-settings=\"{&quot;animation&quot;:&quot;none&quot;}\">\n\t\t\t\t\t\t<div class=\"elementor-container elementor-column-gap-wide\">\n\t\t\t\t\t<div class=\"elementor-column elementor-col-50 elementor-top-column elementor-element elementor-element-435e3c69\" data-id=\"435e3c69\" data-element_type=\"column\" id=\"ulasim\">\n\t\t\t<div class=\"elementor-widget-wrap elementor-element-populated\">\n\t\t\t\t\t\t\t\t<div class=\"elementor-element elementor-element-6b093a6b elementor-widget elementor-widget-heading\" data-id=\"6b093a6b\" data-element_type=\"widget\" data-widget_type=\"heading.default\">\n\t\t\t\t<div class=\"elementor-widget-container\">\n\t\t\t<h2 class=\"elementor-heading-title elementor-size-default\">G\u00fclpa G\u0131da - Merkez Depo<\/h2>\t\t<\/div>\n\t\t\t\t<\/div>\n\t\t\t\t<div class=\"elementor-element elementor-element-4408969e elementor-widget elementor-widget-text-editor\" data-id=\"4408969e\" data-element_type=\"widget\" data-widget_type=\"text-editor.default\">\n\t\t\t\t<div class=\"elementor-widget-container\">\n\t\t\t\t\t\t\t<p class=\"lead\">Email: <a href=\"mailto:gulpa@gulpagida.com\">gulpa@gulpagida.com<\/a><br \/>Telefon: 0 (212) 535 0046<br \/>Whatsapp: 90 (555) 973 52 14<br \/>Adres:\u00a0Yenibosna Merkez Mah. Cemal Ulusoy Cad. Bas\u0131n Ekspres Yan Yolu, No:27\/4 Bah\u00e7elievler \/ \u0130stanbul<\/p><p class=\"lead\"><b>Genel Muhasebe \/ Ba-Bs:<\/b><br \/>Karadolap Mah. Din\u00e7 Sok. No:1 Ey\u00fcp \/ \u0130stanbul 0(212) 625 9082 &#8211; <a href=\"mailto:tulay@gulpagida.com\">tulay@gulpagida.com<\/a><\/p><p class=\"lead\">Pazar g\u00fcnleri hari\u00e7 herg\u00fcn 08.00 &#8211; 18.00 saatleri aras\u0131nda hizmet vermekteyiz.<\/p>\t\t\t\t\t\t<\/div>\n\t\t\t\t<\/div>\n\t\t\t\t\t<\/div>\n\t\t<\/div>\n\t\t\t\t<div class=\"elementor-column elementor-col-50 elementor-top-column elementor-element elementor-element-3927bc59\" data-id=\"3927bc59\" data-element_type=\"column\">\n\t\t\t<div class=\"elementor-widget-wrap elementor-element-populated\">\n\t\t\t\t\t\t\t\t<div class=\"elementor-element elementor-element-69c1502e elementor-widget elementor-widget-google_maps\" data-id=\"69c1502e\" data-element_type=\"widget\" data-widget_type=\"google_maps.default\">\n\t\t\t\t<div class=\"elementor-widget-container\">\n\t\t\t<style>\/*! elementor - v3.10.1 - 17-01-2023 *\/\n.elementor-widget-google_maps .elementor-widget-container{overflow:hidden}.elementor-widget-google_maps iframe{height:300px}<\/style>\t\t<div class=\"elementor-custom-embed\">\n\t\t\t<iframe loading=\"lazy\"\n\t\t\t\t\tsrc=\"https:\/\/maps.google.com\/maps?q=G%C3%BClpa%20G%C4%B1da%20-%20Merkez%20Depo%20Yenibosna%20Merkez%20Mh.%20Cemal%20Ulusoy%20Cd%20Bas%C4%B1n%20Ekspres%2C%20Yan%20Yol%20Cd%20&#038;t=m&#038;z=14&#038;output=embed&#038;iwloc=near\"\n\t\t\t\t\ttitle=\"G\u00fclpa G\u0131da - Merkez Depo Yenibosna Merkez Mh. Cemal Ulusoy Cd Bas\u0131n Ekspres, Yan Yol Cd \"\n\t\t\t\t\taria-label=\"G\u00fclpa G\u0131da - Merkez Depo Yenibosna Merkez Mh. Cemal Ulusoy Cd Bas\u0131n Ekspres, Yan Yol Cd \"\n\t\t\t><\/iframe>\n\t\t<\/div>\n\t\t\t\t<\/div>\n\t\t\t\t<\/div>\n\t\t\t\t\t<\/div>\n\t\t<\/div>\n\t\t\t\t\t\t\t<\/div>\n\t\t<\/section>\n\t\t\t\t\t\t\t<\/div>\n\t\t","protected":false},"excerpt":{"rendered":"<p>\u0130STANBUL AVRUPA YAKASI SATI\u015e VE DA\u011eITIM A\u011eI D\u00fcnden bug\u00fcne sekt\u00f6rdeki g\u00fcveniniz. Biz Kimiz? K\u0131sacas\u0131; tecr\u00fcbeli, ileriye y\u00f6nelik \u00e7al\u0131\u015fan, de\u011fi\u015fime a\u00e7\u0131k, \u00f6zverili ve her \u015feyden \u00f6nce g\u00fcveni \u00f6n planda tutan bir firmay\u0131z. Emin ellerdesiniz 30 Y\u0131l\u0131 a\u015fan deneyimlerimize bakarak ve sekt\u00f6r\u00fcn \u00f6nc\u00fc firmalar\u0131yla yapt\u0131\u011f\u0131m\u0131z i\u015flere dayanarak, m\u00fc\u015fterilerimiz ile olan ili\u015fkilerimizi g\u00fcvencemiz alt\u0131na al\u0131yoruz. Dakikli\u011fe \u00f6zen g\u00f6steriyoruz Deneyimli \u015fof\u00f6rlerimiz, i\u015finde usta elemanlar\u0131m\u0131z ve hizmetinize sundu\u011fumuz 50&#8242; den fazla ara\u00e7 ile sipari\u015flerinizi zaman\u0131nda teslim etmeyi garantiliyoruz. Sorunlar\u0131n\u0131za \u00e7\u00f6z\u00fcm \u00fcretmekten keyif duyuyoruz Raporlama yetenekleri ve analitik d\u00fc\u015f\u00fcnen IT elemanlar\u0131m\u0131z ile beraber ilerledi\u011fimiz m\u00fc\u015fterilerimizin eksiklerini isabetli ve destekli bir \u015fekilde tespit edip, \u00e7\u00f6z\u00fcm \u00f6nerileriyle kar\u015f\u0131n\u0131za \u00e7\u0131k\u0131yoruz. &#8220;Ticaret cesaretle ba\u015flar, zekayla geli\u015fir, g\u00fcvenle devam eder.&#8221; G\u00fclpa G\u0131da &#8211; Merkez Depo Email: gulpa@gulpagida.comTelefon: 0 (212) 535 0046Whatsapp: 90 (555) 973 52 14Adres:\u00a0Yenibosna Merkez Mah. Cemal Ulusoy Cad. Bas\u0131n Ekspres Yan Yolu, No:27\/4 Bah\u00e7elievler \/ \u0130stanbul Genel Muhasebe \/ Ba-Bs:Karadolap Mah. Din\u00e7 Sok. No:1 Ey\u00fcp \/ \u0130stanbul 0(212) 625 9082 &#8211; tulay@gulpagida.com Pazar g\u00fcnleri hari\u00e7 herg\u00fcn 08.00 &#8211; 18.00 saatleri aras\u0131nda hizmet vermekteyiz.<\/p>\n","protected":false},"author":1,"featured_media":0,"parent":0,"menu_order":0,"comment_status":"closed","ping_status":"closed","template":"elementor_canvas","meta":{"footnotes":""},"class_list":["post-684","page","type-page","status-publish","hentry"],"_links":{"self":[{"href":"https:\/\/gulpagida.com\/index.php\/wp-json\/wp\/v2\/pages\/684","targetHints":{"allow":["GET"]}}],"collection":[{"href":"https:\/\/gulpagida.com\/index.php\/wp-json\/wp\/v2\/pages"}],"about":[{"href":"https:\/\/gulpagida.com\/index.php\/wp-json\/wp\/v2\/types\/page"}],"author":[{"embeddable":true,"href":"https:\/\/gulpagida.com\/index.php\/wp-json\/wp\/v2\/users\/1"}],"replies":[{"embeddable":true,"href":"https:\/\/gulpagida.com\/index.php\/wp-json\/wp\/v2\/comments?post=684"}],"version-history":[{"count":19,"href":"https:\/\/gulpagida.com\/index.php\/wp-json\/wp\/v2\/pages\/684\/revisions"}],"predecessor-version":[{"id":1017,"href":"https:\/\/gulpagida.com\/index.php\/wp-json\/wp\/v2\/pages\/684\/revisions\/1017"}],"wp:attachment":[{"href":"https:\/\/gulpagida.com\/index.php\/wp-json\/wp\/v2\/media?parent=684"}],"curies":[{"name":"wp","href":"https:\/\/api.w.org\/{rel}","templated":true}]}}